{"id":1163,"date":"2019-10-16T21:01:22","date_gmt":"2019-10-16T19:01:22","guid":{"rendered":"https:\/\/sconstructions.fr\/?page_id=1163"},"modified":"2022-07-07T10:09:14","modified_gmt":"2022-07-07T08:09:14","slug":"nos-partenaires","status":"publish","type":"page","link":"https:\/\/sf-batiment.fr\/index.php\/nos-partenaires\/","title":{"rendered":"Nos partenaires"},"content":{"rendered":"\t\t<div data-elementor-type=\"wp-page\" data-elementor-id=\"1163\" class=\"elementor elementor-1163\" data-elementor-post-type=\"page\">\n\t\t\t\t\t\t\t\t\t<section class=\"elementor-section elementor-top-section elementor-element elementor-element-62a0185 elementor-section-boxed elementor-section-height-default elementor-section-height-default\" data-id=\"62a0185\" data-element_type=\"section\" data-settings=\"{&quot;background_background&quot;:&quot;classic&quot;}\">\n\t\t\t\t\t\t\t<div class=\"elementor-background-overlay\"><\/div>\n\t\t\t\t\t\t\t<div class=\"elementor-container elementor-column-gap-default\">\n\t\t\t\t\t<div class=\"elementor-column elementor-col-100 elementor-top-column elementor-element elementor-element-b9230da\" data-id=\"b9230da\" data-element_type=\"column\">\n\t\t\t<div class=\"elementor-widget-wrap elementor-element-populated\">\n\t\t\t\t\t\t\t\t<div class=\"elementor-element elementor-element-2d3cabe elementor-widget elementor-widget-image\" data-id=\"2d3cabe\" data-element_type=\"widget\" data-widget_type=\"image.default\">\n\t\t\t\t<div class=\"elementor-widget-container\">\n\t\t\t\t\t\t\t\t\t\t\t\t\t\t\t<img decoding=\"async\" loading=\"lazy\" width=\"80\" height=\"63\" src=\"https:\/\/sf-batiment.fr\/wp-content\/uploads\/2019\/10\/construction-icon03.png\" class=\"attachment-thumbnail size-thumbnail wp-image-944\" alt=\"\" \/>\t\t\t\t\t\t\t\t\t\t\t\t\t\t\t<\/div>\n\t\t\t\t<\/div>\n\t\t\t\t<div class=\"elementor-element elementor-element-5532338 elementor-widget elementor-widget-heading\" data-id=\"5532338\" data-element_type=\"widget\" data-widget_type=\"heading.default\">\n\t\t\t\t<div class=\"elementor-widget-container\">\n\t\t\t<h1 class=\"elementor-heading-title elementor-size-default\">Votre sp\u00e9cialiste de la construction neuve et de la r\u00e9novation dans le Gers<\/h1>\t\t<\/div>\n\t\t\t\t<\/div>\n\t\t\t\t<div class=\"elementor-element elementor-element-c3fd317 elementor-widget elementor-widget-heading\" data-id=\"c3fd317\" data-element_type=\"widget\" data-widget_type=\"heading.default\">\n\t\t\t\t<div class=\"elementor-widget-container\">\n\t\t\t<div class=\"elementor-heading-title elementor-size-small\">l'expertise \u00e0 votre service<\/div>\t\t<\/div>\n\t\t\t\t<\/div>\n\t\t\t\t<section class=\"elementor-section elementor-inner-section elementor-element elementor-element-6fd30df elementor-section-boxed elementor-section-height-default elementor-section-height-default\" data-id=\"6fd30df\" data-element_type=\"section\">\n\t\t\t\t\t\t<div class=\"elementor-container elementor-column-gap-default\">\n\t\t\t\t\t<div class=\"elementor-column elementor-col-50 elementor-inner-column elementor-element elementor-element-b947782\" data-id=\"b947782\" data-element_type=\"column\">\n\t\t\t<div class=\"elementor-widget-wrap elementor-element-populated\">\n\t\t\t\t\t\t\t\t<div class=\"elementor-element elementor-element-e56f486 elementor-align-right elementor-mobile-align-center elementor-widget elementor-widget-button\" data-id=\"e56f486\" data-element_type=\"widget\" data-widget_type=\"button.default\">\n\t\t\t\t<div class=\"elementor-widget-container\">\n\t\t\t\t\t<div class=\"elementor-button-wrapper\">\n\t\t\t<a class=\"elementor-button elementor-button-link elementor-size-md\" href=\"http:\/\/sf-batiment.fr\/index.php\/contact-us\/\">\n\t\t\t\t\t\t<span class=\"elementor-button-content-wrapper\">\n\t\t\t\t\t\t<span class=\"elementor-button-text\">DEVIS GRATUIT<\/span>\n\t\t<\/span>\n\t\t\t\t\t<\/a>\n\t\t<\/div>\n\t\t\t\t<\/div>\n\t\t\t\t<\/div>\n\t\t\t\t\t<\/div>\n\t\t<\/div>\n\t\t\t\t<div class=\"elementor-column elementor-col-50 elementor-inner-column elementor-element elementor-element-d8256b0\" data-id=\"d8256b0\" data-element_type=\"column\">\n\t\t\t<div class=\"elementor-widget-wrap elementor-element-populated\">\n\t\t\t\t\t\t\t\t<div class=\"elementor-element elementor-element-355e0c1 elementor-align-left elementor-button-info elementor-mobile-align-center elementor-widget elementor-widget-button\" data-id=\"355e0c1\" data-element_type=\"widget\" data-widget_type=\"button.default\">\n\t\t\t\t<div class=\"elementor-widget-container\">\n\t\t\t\t\t<div class=\"elementor-button-wrapper\">\n\t\t\t<a class=\"elementor-button elementor-button-link elementor-size-md\" href=\"http:\/\/sf-batiment.fr\/index.php\/projects\/\">\n\t\t\t\t\t\t<span class=\"elementor-button-content-wrapper\">\n\t\t\t\t\t\t<span class=\"elementor-button-text\">NOS R\u00c9ALISATIONS<\/span>\n\t\t<\/span>\n\t\t\t\t\t<\/a>\n\t\t<\/div>\n\t\t\t\t<\/div>\n\t\t\t\t<\/div>\n\t\t\t\t\t<\/div>\n\t\t<\/div>\n\t\t\t\t\t\t\t<\/div>\n\t\t<\/section>\n\t\t\t\t\t<\/div>\n\t\t<\/div>\n\t\t\t\t\t\t\t<\/div>\n\t\t<\/section>\n\t\t\t\t<section class=\"elementor-section elementor-top-section elementor-element elementor-element-3e1b048 elementor-section-boxed elementor-section-height-default elementor-section-height-default\" data-id=\"3e1b048\" data-element_type=\"section\">\n\t\t\t\t\t\t<div class=\"elementor-container elementor-column-gap-default\">\n\t\t\t\t\t<div class=\"elementor-column elementor-col-100 elementor-top-column elementor-element elementor-element-5c9d631b\" data-id=\"5c9d631b\" data-element_type=\"column\">\n\t\t\t<div class=\"elementor-widget-wrap elementor-element-populated\">\n\t\t\t\t\t\t\t\t<div class=\"elementor-element elementor-element-fd2e2c0 elementor-widget elementor-widget-heading\" data-id=\"fd2e2c0\" data-element_type=\"widget\" data-widget_type=\"heading.default\">\n\t\t\t\t<div class=\"elementor-widget-container\">\n\t\t\t<h2 class=\"elementor-heading-title elementor-size-default\">Notre r\u00e9seau de partenaires<\/h2>\t\t<\/div>\n\t\t\t\t<\/div>\n\t\t\t\t<div class=\"elementor-element elementor-element-cb350af elementor-widget elementor-widget-text-editor\" data-id=\"cb350af\" data-element_type=\"widget\" data-widget_type=\"text-editor.default\">\n\t\t\t\t<div class=\"elementor-widget-container\">\n\t\t\t\t\t\t\t<p>Une \u00e9quipe de professionnels \u00e0 votre \u00e9coute&#8230;<\/p><p>Pour r\u00e9aliser votre projet et vous satisfaire enti\u00e8rement, nous savons nous entourer de professionnels comp\u00e9tents et qualifi\u00e9s :\u00a0\u00a0<\/p>\t\t\t\t\t\t<\/div>\n\t\t\t\t<\/div>\n\t\t\t\t\t<\/div>\n\t\t<\/div>\n\t\t\t\t\t\t\t<\/div>\n\t\t<\/section>\n\t\t\t\t<section class=\"elementor-section elementor-top-section elementor-element elementor-element-6beb35d elementor-section-boxed elementor-section-height-default elementor-section-height-default\" data-id=\"6beb35d\" data-element_type=\"section\">\n\t\t\t\t\t\t<div class=\"elementor-container elementor-column-gap-default\">\n\t\t\t\t\t<div class=\"elementor-column elementor-col-50 elementor-top-column elementor-element elementor-element-6e1e87c\" data-id=\"6e1e87c\" data-element_type=\"column\">\n\t\t\t<div class=\"elementor-widget-wrap elementor-element-populated\">\n\t\t\t\t\t\t\t\t<div class=\"elementor-element elementor-element-545c3ce elementor-position-top elementor-widget elementor-widget-image-box\" data-id=\"545c3ce\" data-element_type=\"widget\" data-widget_type=\"image-box.default\">\n\t\t\t\t<div class=\"elementor-widget-container\">\n\t\t\t<div class=\"elementor-image-box-wrapper\"><figure class=\"elementor-image-box-img\"><img decoding=\"async\" loading=\"lazy\" width=\"1019\" height=\"502\" src=\"https:\/\/sf-batiment.fr\/wp-content\/uploads\/2019\/10\/logo-plomb-elec.png\" class=\"attachment-full size-full wp-image-1186\" alt=\"\" srcset=\"https:\/\/sf-batiment.fr\/wp-content\/uploads\/2019\/10\/logo-plomb-elec.png 1019w, https:\/\/sf-batiment.fr\/wp-content\/uploads\/2019\/10\/logo-plomb-elec-300x148.png 300w, https:\/\/sf-batiment.fr\/wp-content\/uploads\/2019\/10\/logo-plomb-elec-768x378.png 768w\" sizes=\"(max-width: 1019px) 100vw, 1019px\" \/><\/figure><div class=\"elementor-image-box-content\"><p class=\"elementor-image-box-description\">plomb-elec32@orange.fr<br>\n<strong>05 62 05 14 40<\/strong><\/p><\/div><\/div>\t\t<\/div>\n\t\t\t\t<\/div>\n\t\t\t\t\t<\/div>\n\t\t<\/div>\n\t\t\t\t<div class=\"elementor-column elementor-col-50 elementor-top-column elementor-element elementor-element-edb712b\" data-id=\"edb712b\" data-element_type=\"column\">\n\t\t\t<div class=\"elementor-widget-wrap elementor-element-populated\">\n\t\t\t\t\t\t\t\t<div class=\"elementor-element elementor-element-b0404d7 elementor-position-top elementor-widget elementor-widget-image-box\" data-id=\"b0404d7\" data-element_type=\"widget\" data-widget_type=\"image-box.default\">\n\t\t\t\t<div class=\"elementor-widget-container\">\n\t\t\t<div class=\"elementor-image-box-wrapper\"><figure class=\"elementor-image-box-img\"><img decoding=\"async\" loading=\"lazy\" width=\"1015\" height=\"500\" src=\"https:\/\/sf-batiment.fr\/wp-content\/uploads\/2019\/10\/logo-CBH.png\" class=\"attachment-full size-full wp-image-1185\" alt=\"\" srcset=\"https:\/\/sf-batiment.fr\/wp-content\/uploads\/2019\/10\/logo-CBH.png 1015w, https:\/\/sf-batiment.fr\/wp-content\/uploads\/2019\/10\/logo-CBH-300x148.png 300w, https:\/\/sf-batiment.fr\/wp-content\/uploads\/2019\/10\/logo-CBH-768x378.png 768w\" sizes=\"(max-width: 1015px) 100vw, 1015px\" \/><\/figure><div class=\"elementor-image-box-content\"><p class=\"elementor-image-box-description\">cbh32@orange.fr<br>\n<strong>05 62 05 14 40<\/strong><\/p><\/div><\/div>\t\t<\/div>\n\t\t\t\t<\/div>\n\t\t\t\t\t<\/div>\n\t\t<\/div>\n\t\t\t\t\t\t\t<\/div>\n\t\t<\/section>\n\t\t\t\t\t\t\t<\/div>\n\t\t","protected":false},"excerpt":{"rendered":"<p>Votre sp\u00e9cialiste de la construction neuve et de la r\u00e9novation dans le Gers l&rsquo;expertise \u00e0 votre service DEVIS GRATUIT NOS R\u00c9ALISATIONS Notre r\u00e9seau de partenaires Une \u00e9quipe de professionnels \u00e0 votre \u00e9coute&#8230; Pour r\u00e9aliser votre projet et vous satisfaire enti\u00e8rement, nous savons nous entourer de professionnels comp\u00e9tents et qualifi\u00e9s :\u00a0\u00a0 plomb-elec32@orange.fr 05 62 05 14 [&hellip;]<\/p>\n","protected":false},"author":1,"featured_media":0,"parent":0,"menu_order":0,"comment_status":"closed","ping_status":"closed","template":"elementor_header_footer","meta":{"site-sidebar-layout":"no-sidebar","site-content-layout":"page-builder","ast-site-content-layout":"default","site-content-style":"default","site-sidebar-style":"default","ast-global-header-display":"","ast-banner-title-visibility":"","ast-main-header-display":"","ast-hfb-above-header-display":"","ast-hfb-below-header-display":"","ast-hfb-mobile-header-display":"","site-post-title":"disabled","ast-breadcrumbs-content":"","ast-featured-img":"disabled","footer-sml-layout":"","ast-disable-related-posts":"","theme-transparent-header-meta":"default","adv-header-id-meta":"","stick-header-meta":"","header-above-stick-meta":"","header-main-stick-meta":"","header-below-stick-meta":"","astra-migrate-meta-layouts":"default","ast-page-background-enabled":"default","ast-page-background-meta":{"desktop":{"background-color":"","background-image":"","background-repeat":"repeat","background-position":"center center","background-size":"auto","background-attachment":"scroll","background-type":"","background-media":"","overlay-type":"","overlay-color":"","overlay-opacity":"","overlay-gradient":""},"tablet":{"background-color":"","background-image":"","background-repeat":"repeat","background-position":"center center","background-size":"auto","background-attachment":"scroll","background-type":"","background-media":"","overlay-type":"","overlay-color":"","overlay-opacity":"","overlay-gradient":""},"mobile":{"background-color":"","background-image":"","background-repeat":"repeat","background-position":"center center","background-size":"auto","background-attachment":"scroll","background-type":"","background-media":"","overlay-type":"","overlay-color":"","overlay-opacity":"","overlay-gradient":""}},"ast-content-background-meta":{"desktop":{"background-color":"var(--ast-global-color-5)","background-image":"","background-repeat":"repeat","background-position":"center center","background-size":"auto","background-attachment":"scroll","background-type":"","background-media":"","overlay-type":"","overlay-color":"","overlay-opacity":"","overlay-gradient":""},"tablet":{"background-color":"var(--ast-global-color-5)","background-image":"","background-repeat":"repeat","background-position":"center center","background-size":"auto","background-attachment":"scroll","background-type":"","background-media":"","overlay-type":"","overlay-color":"","overlay-opacity":"","overlay-gradient":""},"mobile":{"background-color":"var(--ast-global-color-5)","background-image":"","background-repeat":"repeat","background-position":"center center","background-size":"auto","background-attachment":"scroll","background-type":"","background-media":"","overlay-type":"","overlay-color":"","overlay-opacity":"","overlay-gradient":""}},"footnotes":""},"_links":{"self":[{"href":"https:\/\/sf-batiment.fr\/index.php\/wp-json\/wp\/v2\/pages\/1163"}],"collection":[{"href":"https:\/\/sf-batiment.fr\/index.php\/wp-json\/wp\/v2\/pages"}],"about":[{"href":"https:\/\/sf-batiment.fr\/index.php\/wp-json\/wp\/v2\/types\/page"}],"author":[{"embeddable":true,"href":"https:\/\/sf-batiment.fr\/index.php\/wp-json\/wp\/v2\/users\/1"}],"replies":[{"embeddable":true,"href":"https:\/\/sf-batiment.fr\/index.php\/wp-json\/wp\/v2\/comments?post=1163"}],"version-history":[{"count":27,"href":"https:\/\/sf-batiment.fr\/index.php\/wp-json\/wp\/v2\/pages\/1163\/revisions"}],"predecessor-version":[{"id":1719,"href":"https:\/\/sf-batiment.fr\/index.php\/wp-json\/wp\/v2\/pages\/1163\/revisions\/1719"}],"wp:attachment":[{"href":"https:\/\/sf-batiment.fr\/index.php\/wp-json\/wp\/v2\/media?parent=1163"}],"curies":[{"name":"wp","href":"https:\/\/api.w.org\/{rel}","templated":true}]}}